{"id":5,"date":"2020-02-06T13:41:45","date_gmt":"2020-02-06T12:41:45","guid":{"rendered":"https:\/\/stylowemeble.pl\/index.php\/strona-glowna\/"},"modified":"2020-04-26T14:56:04","modified_gmt":"2020-04-26T12:56:04","slug":"strona-glowna","status":"publish","type":"page","link":"https:\/\/stylowemeble.pl\/","title":{"rendered":"strona g\u0142\u00f3wna"},"content":{"rendered":"<p>[et_pb_section fb_built=&#8221;1&#8243; _builder_version=&#8221;3.29.3&#8243; background_color=&#8221;#013300&#8243; custom_margin=&#8221;-2%||||false|false&#8221; fb_built=&#8221;1&#8243; _i=&#8221;0&#8243; _address=&#8221;0&#8243; custom_padding__hover_enabled=&#8221;on|desktop&#8221;][et_pb_row _builder_version=&#8221;3.29.3&#8243; max_width=&#8221;80%&#8221; custom_padding=&#8221;0px|||||&#8221; _i=&#8221;0&#8243; _address=&#8221;0.0&#8243;][et_pb_column type=&#8221;4_4&#8243; _builder_version=&#8221;3.29.3&#8243; _i=&#8221;0&#8243; _address=&#8221;0.0.0&#8243;][et_pb_slider _builder_version=&#8221;3.29.3&#8243; background_color=&#8221;#ffffff&#8221; auto=&#8221;on&#8221; auto_speed=&#8221;3200&#8243; _i=&#8221;0&#8243; _address=&#8221;0.0.0.0&#8243;][et_pb_slide _builder_version=&#8221;3.29.3&#8243; background_enable_color=&#8221;off&#8221; background_image=&#8221;https:\/\/stylowemeble.pl\/wp-content\/uploads\/2020\/02\/DSCF1848-1-2-scaled.jpg&#8221; background_enable_image=&#8221;on&#8221; custom_padding=&#8221;23%||23%||true|false&#8221; _i=&#8221;0&#8243; _address=&#8221;0.0.0.0.0&#8243;][\/et_pb_slide][et_pb_slide _builder_version=&#8221;3.29.3&#8243; background_enable_color=&#8221;off&#8221; background_image=&#8221;https:\/\/stylowemeble.pl\/wp-content\/uploads\/2020\/02\/DSCF0498-1-scaled.jpg&#8221; background_enable_image=&#8221;on&#8221; custom_padding=&#8221;23%||23%||true|false&#8221; _i=&#8221;1&#8243; _address=&#8221;0.0.0.0.1&#8243;][\/et_pb_slide][et_pb_slide _builder_version=&#8221;3.29.3&#8243; background_color=&#8221;#ffffff&#8221; background_enable_color=&#8221;on&#8221; background_image=&#8221;https:\/\/stylowemeble.pl\/wp-content\/uploads\/2020\/02\/DSCF1821-1-1-scaled.jpg&#8221; background_enable_image=&#8221;on&#8221; custom_padding=&#8221;23%||23%||true|false&#8221; _i=&#8221;2&#8243; _address=&#8221;0.0.0.0.2&#8243;][\/et_pb_slide][et_pb_slide _builder_version=&#8221;3.29.3&#8243; background_color=&#8221;#ffffff&#8221; background_enable_color=&#8221;on&#8221; background_image=&#8221;https:\/\/stylowemeble.pl\/wp-content\/uploads\/2020\/02\/DSCF1811-1-1-scaled.jpg&#8221; background_enable_image=&#8221;on&#8221; custom_padding=&#8221;23%||23%||true|false&#8221; _i=&#8221;3&#8243; _address=&#8221;0.0.0.0.3&#8243;][\/et_pb_slide][et_pb_slide _builder_version=&#8221;3.29.3&#8243; background_enable_color=&#8221;off&#8221; background_image=&#8221;https:\/\/stylowemeble.pl\/wp-content\/uploads\/2020\/02\/DSCF1815-1-scaled.jpg&#8221; background_enable_image=&#8221;on&#8221; custom_padding=&#8221;23%||23%||true|false&#8221; _i=&#8221;4&#8243; _address=&#8221;0.0.0.0.4&#8243;][\/et_pb_slide][\/et_pb_slider][\/et_pb_column][\/et_pb_row][\/et_pb_section][et_pb_section fb_built=&#8221;1&#8243; _builder_version=&#8221;3.29.1&#8243; background_color=&#8221;#000000&#8243; custom_padding=&#8221;7px||0px||false|&#8221; fb_built=&#8221;1&#8243; _i=&#8221;1&#8243; _address=&#8221;1&#8243;][et_pb_row column_structure=&#8221;1_2,1_2&#8243; use_custom_gutter=&#8221;on&#8221; gutter_width=&#8221;2&#8243; make_equal=&#8221;on&#8221; _builder_version=&#8221;3.29.3&#8243; width_tablet=&#8221;90%&#8221; width_phone=&#8221;90%&#8221; width_last_edited=&#8221;on|tablet&#8221; max_width=&#8221;80%&#8221; max_width_tablet=&#8221;90%&#8221; max_width_phone=&#8221;90%&#8221; max_width_last_edited=&#8221;on|phone&#8221; custom_padding=&#8221;58px||58px||true|false&#8221; _i=&#8221;0&#8243; _address=&#8221;1.0&#8243;][et_pb_column type=&#8221;1_2&#8243; _builder_version=&#8221;3.29.1&#8243; animation_style=&#8221;fade&#8221; _i=&#8221;0&#8243; _address=&#8221;1.0.0&#8243;][et_pb_text _builder_version=&#8221;3.29.3&#8243; header_font=&#8221;Montserrat|300||on|||||&#8221; header_text_align=&#8221;left&#8221; header_text_color=&#8221;#ffffff&#8221; header_font_size=&#8221;35px&#8221; header_letter_spacing=&#8221;1px&#8221; header_line_height=&#8221;1.2em&#8221; custom_margin=&#8221;||||false|false&#8221; custom_padding=&#8221;||||false|false&#8221; header_font_size_phone=&#8221;30px&#8221; header_font_size_last_edited=&#8221;on|desktop&#8221; _i=&#8221;0&#8243; _address=&#8221;1.0.0.0&#8243;]<\/p>\n<h1>Witamy na naszej stronie!<\/h1>\n<p>[\/et_pb_text][et_pb_text _builder_version=&#8221;3.29.3&#8243; text_font=&#8221;Montserrat||||||||&#8221; text_text_color=&#8221;#d8d8d8&#8243; text_font_size=&#8221;15px&#8221; text_line_height=&#8221;1.8em&#8221; custom_margin=&#8221;-5px||||false|false&#8221; custom_margin_tablet=&#8221;-10px||30px||false|false&#8221; custom_margin_phone=&#8221;-13px||||false|false&#8221; custom_margin_last_edited=&#8221;on|desktop&#8221; _i=&#8221;1&#8243; _address=&#8221;1.0.0.1&#8243; max_width__hover_enabled=&#8221;on|desktop&#8221;]<\/p>\n<p><strong>Jeste\u015bmy bezpo\u015brednim importem u\u017cywanych jak i nowych mebli.<\/strong><\/p>\n<p> Oto nasza oferta:<\/p>\n<ul>\n<li>meble francuskie,<\/li>\n<li>meble stylizowane,<\/li>\n<li>kredensy,<\/li>\n<li>sto\u0142y,<\/li>\n<li>meble tapicerowane,<\/li>\n<li>komody, materace,<\/li>\n<li>porcelana,<\/li>\n<li>lampy oraz r\u00f3\u017cnego rodzaju przepi\u0119kne antyki.<\/li>\n<\/ul>\n<p>S\u0105 to przede wszystkim meble ekskluzywne, stylizowane oraz antyczne.<\/p>\n<p>[\/et_pb_text][\/et_pb_column][et_pb_column type=&#8221;1_2&#8243; _builder_version=&#8221;3.29.1&#8243; animation_style=&#8221;fade&#8221; animation_delay=&#8221;250ms&#8221; _i=&#8221;1&#8243; _address=&#8221;1.0.1&#8243;][et_pb_gallery gallery_ids=&#8221;73,74,76,77&#8243; show_title_and_caption=&#8221;off&#8221; show_pagination=&#8221;off&#8221; zoom_icon_color=&#8221;#013300&#8243; hover_overlay_color=&#8221;rgba(255,255,255,0.55)&#8221; hover_icon=&#8221;%%51%%&#8221; _builder_version=&#8221;3.29.3&#8243; _i=&#8221;0&#8243; _address=&#8221;1.0.1.0&#8243;][\/et_pb_gallery][\/et_pb_column][\/et_pb_row][\/et_pb_section][et_pb_section fb_built=&#8221;1&#8243; _builder_version=&#8221;3.29.3&#8243; background_color=&#8221;#013300&#8243; background_size=&#8221;initial&#8221; background_repeat=&#8221;repeat&#8221; custom_margin=&#8221;||||false|false&#8221; custom_padding=&#8221;3%||100px||false|false&#8221; global_module=&#8221;141&#8243; saved_tabs=&#8221;all&#8221; fb_built=&#8221;1&#8243; _i=&#8221;3&#8243; _address=&#8221;3&#8243;][et_pb_row column_structure=&#8221;1_2,1_2&#8243; use_custom_gutter=&#8221;on&#8221; gutter_width=&#8221;1&#8243; make_equal=&#8221;on&#8221; _builder_version=&#8221;3.29.3&#8243; width=&#8221;90%&#8221; width_tablet=&#8221;90%&#8221; width_phone=&#8221;90%&#8221; width_last_edited=&#8221;on|tablet&#8221; max_width=&#8221;1300px&#8221; max_width_tablet=&#8221;90%&#8221; max_width_phone=&#8221;90%&#8221; max_width_last_edited=&#8221;on|phone&#8221; custom_padding=&#8221;0px|||||&#8221; _i=&#8221;0&#8243; _address=&#8221;3.0&#8243;][et_pb_column type=&#8221;1_2&#8243; _builder_version=&#8221;3.29.1&#8243; background_color=&#8221;#1B1B1B&#8221; custom_padding=&#8221;110px|80px|110px|80px|true|true&#8221; custom_padding_phone=&#8221;40px|30px|40px|30px|true|true&#8221; custom_padding_last_edited=&#8221;on|desktop&#8221; animation_style=&#8221;fade&#8221; animation_delay=&#8221;250ms&#8221; _i=&#8221;0&#8243; _address=&#8221;3.0.0&#8243;][et_pb_text _builder_version=&#8221;3.29.3&#8243; header_font=&#8221;Montserrat|300|||||||&#8221; header_text_align=&#8221;center&#8221; header_text_color=&#8221;#ffffff&#8221; header_font_size=&#8221;18px&#8221; header_letter_spacing=&#8221;1px&#8221; header_line_height=&#8221;1.7em&#8221; custom_margin=&#8221;||||false|false&#8221; custom_padding=&#8221;||||false|false&#8221; header_font_size_phone=&#8221;25px&#8221; header_font_size_last_edited=&#8221;on|desktop&#8221; _i=&#8221;0&#8243; _address=&#8221;3.0.0.0&#8243;]<\/p>\n<h1>Oferowane przez nas meble s\u0105 niepowtarzalne zawsze wysokiej jako\u015bci, w idealny stanie, posiadamy wieloletnie do\u015bwiadczenie w sprowadzaniu mebli. <\/p>\n<p>Wszystkie meble posiadamy w wyj\u0105tkowo atrakcyjnych cenach.<\/h1>\n<p>[\/et_pb_text][\/et_pb_column][et_pb_column type=&#8221;1_2&#8243; _builder_version=&#8221;3.29.3&#8243; background_image=&#8221;https:\/\/stylowemeble.pl\/wp-content\/uploads\/2020\/02\/DSCF1848-1-1-scaled.jpg&#8221; custom_padding=&#8221;||||false|false&#8221; animation_style=&#8221;fade&#8221; animation_delay=&#8221;500ms&#8221; _i=&#8221;1&#8243; _address=&#8221;3.0.1&#8243;][et_pb_divider show_divider=&#8221;off&#8221; disabled_on=&#8221;off|off|on&#8221; _builder_version=&#8221;3.26.6&#8243; custom_padding=&#8221;25%||25%||true|false&#8221; _i=&#8221;0&#8243; _address=&#8221;3.0.1.0&#8243;][\/et_pb_divider][\/et_pb_column][\/et_pb_row][\/et_pb_section]<\/p>\n","protected":false},"excerpt":{"rendered":"<p>Witamy na naszej stronie!Jeste\u015bmy bezpo\u015brednim importem u\u017cywanych jak i nowych mebli. Oto nasza oferta: meble francuskie, meble stylizowane, kredensy, sto\u0142y, meble tapicerowane, komody, materace, porcelana, lampy oraz r\u00f3\u017cnego rodzaju przepi\u0119kne antyki. S\u0105 to przede wszystkim meble ekskluzywne, stylizowane oraz antyczne.Oferowane przez nas meble s\u0105 niepowtarzalne zawsze wysokiej jako\u015bci, w idealny stanie, posiadamy wieloletnie do\u015bwiadczenie w [&hellip;]<\/p>\n","protected":false},"author":1,"featured_media":0,"parent":0,"menu_order":0,"comment_status":"closed","ping_status":"closed","template":"","meta":{"_et_pb_use_builder":"on","_et_pb_old_content":"","_et_gb_content_width":"","footnotes":""},"yst_prominent_words":[],"class_list":["post-5","page","type-page","status-publish","hentry"],"_links":{"self":[{"href":"https:\/\/stylowemeble.pl\/index.php\/wp-json\/wp\/v2\/pages\/5","targetHints":{"allow":["GET"]}}],"collection":[{"href":"https:\/\/stylowemeble.pl\/index.php\/wp-json\/wp\/v2\/pages"}],"about":[{"href":"https:\/\/stylowemeble.pl\/index.php\/wp-json\/wp\/v2\/types\/page"}],"author":[{"embeddable":true,"href":"https:\/\/stylowemeble.pl\/index.php\/wp-json\/wp\/v2\/users\/1"}],"replies":[{"embeddable":true,"href":"https:\/\/stylowemeble.pl\/index.php\/wp-json\/wp\/v2\/comments?post=5"}],"version-history":[{"count":0,"href":"https:\/\/stylowemeble.pl\/index.php\/wp-json\/wp\/v2\/pages\/5\/revisions"}],"wp:attachment":[{"href":"https:\/\/stylowemeble.pl\/index.php\/wp-json\/wp\/v2\/media?parent=5"}],"wp:term":[{"taxonomy":"yst_prominent_words","embeddable":true,"href":"https:\/\/stylowemeble.pl\/index.php\/wp-json\/wp\/v2\/yst_prominent_words?post=5"}],"curies":[{"name":"wp","href":"https:\/\/api.w.org\/{rel}","templated":true}]}}